{"id":2278,"date":"2024-08-02T15:16:04","date_gmt":"2024-08-02T13:16:04","guid":{"rendered":"https:\/\/rociozuniga.de\/?page_id=2278"},"modified":"2024-08-02T15:52:29","modified_gmt":"2024-08-02T13:52:29","slug":"impressum","status":"publish","type":"page","link":"https:\/\/rociozuniga.de\/?page_id=2278","title":{"rendered":"Impressum"},"content":{"rendered":"\n<p>Roc\u00edo Z\u00fa\u00f1iga<br>Fotografin<br>10318 Berlin<br>Kontakt<br>Telefon: 017670709139<br>E-Mail: &#105;&#x6e;&#102;&#x6f;&#64;&#x72;&#111;&#x63;&#105;&#x6f;&#122;&#x75;&#110;&#x69;&#103;&#x61;&#46;&#x64;&#101;<br>EU-Streitschlichtung<br>Die Europ\u00e4ische Kommission stellt eine Plattform zur Online-Streitbeilegung (OS) bereit:<br>https:\/\/ec.europa.eu\/consumers\/odr\/.<br>Unsere E-Mail-Adresse finden Sie oben im Impressum.<br>Verbraucherstreitbeilegung\/Universalschlichtungsstelle<br>Wir sind nicht bereit oder verpflichtet, an Streitbeilegungsverfahren vor einer<br>Verbraucherschlichtungsstelle teilzunehmen.<br><\/p>\n","protected":false},"excerpt":{"rendered":"<p>Roc\u00edo Z\u00fa\u00f1igaFotografin10318 BerlinKontaktTelefon: 017670709139E-Mail: &#x69;n&#x66;o&#x40;&#114;&#x6f;&#99;i&#x6f;z&#x75;&#110;&#x69;&#103;&#x61;&#46;d&#x65;EU-StreitschlichtungDie Europ\u00e4ische Kommission stellt eine Plattform zur Online-Streitbeilegung (OS) bereit:https:\/\/ec.europa.eu\/consumers\/odr\/.Unsere E-Mail-Adresse finden Sie oben im Impressum.Verbraucherstreitbeilegung\/UniversalschlichtungsstelleWir sind nicht bereit oder verpflichtet, an Streitbeilegungsverfahren vor einerVerbraucherschlichtungsstelle teilzunehmen.<\/p>\n","protected":false},"author":1,"featured_media":0,"parent":0,"menu_order":0,"comment_status":"closed","ping_status":"closed","template":"","meta":{"site-sidebar-layout":"default","site-content-layout":"","ast-site-content-layout":"default","site-content-style":"default","site-sidebar-style":"default","ast-global-header-display":"","ast-banner-title-visibility":"","ast-main-header-display":"","ast-hfb-above-header-display":"","ast-hfb-below-header-display":"","ast-hfb-mobile-header-display":"","site-post-title":"","ast-breadcrumbs-content":"","ast-featured-img":"","footer-sml-layout":"","ast-disable-related-posts":"","theme-transparent-header-meta":"","adv-header-id-meta":"","stick-header-meta":"","header-above-stick-meta":"","header-main-stick-meta":"","header-below-stick-meta":"","astra-migrate-meta-layouts":"set","ast-page-background-enabled":"default","ast-page-background-meta":{"desktop":{"background-color":"var(--ast-global-color-4)","background-image":"","background-repeat":"repeat","background-position":"center center","background-size":"auto","background-attachment":"scroll","background-type":"","background-media":"","overlay-type":"","overlay-color":"","overlay-opacity":"","overlay-gradient":""},"tablet":{"background-color":"","background-image":"","background-repeat":"repeat","background-position":"center center","background-size":"auto","background-attachment":"scroll","background-type":"","background-media":"","overlay-type":"","overlay-color":"","overlay-opacity":"","overlay-gradient":""},"mobile":{"background-color":"","background-image":"","background-repeat":"repeat","background-position":"center center","background-size":"auto","background-attachment":"scroll","background-type":"","background-media":"","overlay-type":"","overlay-color":"","overlay-opacity":"","overlay-gradient":""}},"ast-content-background-meta":{"desktop":{"background-color":"var(--ast-global-color-5)","background-image":"","background-repeat":"repeat","background-position":"center center","background-size":"auto","background-attachment":"scroll","background-type":"","background-media":"","overlay-type":"","overlay-color":"","overlay-opacity":"","overlay-gradient":""},"tablet":{"background-color":"var(--ast-global-color-5)","background-image":"","background-repeat":"repeat","background-position":"center center","background-size":"auto","background-attachment":"scroll","background-type":"","background-media":"","overlay-type":"","overlay-color":"","overlay-opacity":"","overlay-gradient":""},"mobile":{"background-color":"var(--ast-global-color-5)","background-image":"","background-repeat":"repeat","background-position":"center center","background-size":"auto","background-attachment":"scroll","background-type":"","background-media":"","overlay-type":"","overlay-color":"","overlay-opacity":"","overlay-gradient":""}},"footnotes":""},"class_list":["post-2278","page","type-page","status-publish","hentry"],"yoast_head":"<!-- This site is optimized with the Yoast SEO plugin v27.3 - https:\/\/yoast.com\/product\/yoast-seo-wordpress\/ -->\n<title>Impressum -<\/title>\n<meta name=\"robots\" content=\"index, nofollow, max-snippet:-1, max-image-preview:large, max-video-preview:-1\" \/>\n<link rel=\"canonical\" href=\"https:\/\/rociozuniga.de\/?page_id=2278\" \/>\n<meta property=\"og:locale\" content=\"de_DE\" \/>\n<meta property=\"og:type\" content=\"article\" \/>\n<meta property=\"og:title\" content=\"Impressum -\" \/>\n<meta property=\"og:description\" content=\"Roc\u00edo Z\u00fa\u00f1igaFotografin10318 BerlinKontaktTelefon: 017670709139E-Mail: i&#110;&#102;&#x6f;&#x40;&#x72;o&#099;&#105;&#x6f;&#x7a;&#x75;ni&#103;&#x61;&#x2e;&#x64;eEU-StreitschlichtungDie Europ\u00e4ische Kommission stellt eine Plattform zur Online-Streitbeilegung (OS) bereit:https:\/\/ec.europa.eu\/consumers\/odr\/.Unsere E-Mail-Adresse finden Sie oben im Impressum.Verbraucherstreitbeilegung\/UniversalschlichtungsstelleWir sind nicht bereit oder verpflichtet, an Streitbeilegungsverfahren vor einerVerbraucherschlichtungsstelle teilzunehmen.\" \/>\n<meta property=\"og:url\" content=\"https:\/\/rociozuniga.de\/?page_id=2278\" \/>\n<meta property=\"article:modified_time\" content=\"2024-08-02T13:52:29+00:00\" \/>\n<meta name=\"twitter:card\" content=\"summary_large_image\" \/>\n<meta name=\"twitter:label1\" content=\"Gesch\u00e4tzte Lesezeit\" \/>\n\t<meta name=\"twitter:data1\" content=\"1\u00a0Minute\" \/>\n<script type=\"application\/ld+json\" class=\"yoast-schema-graph\">{\"@context\":\"https:\\\/\\\/schema.org\",\"@graph\":[{\"@type\":\"WebPage\",\"@id\":\"https:\\\/\\\/rociozuniga.de\\\/?page_id=2278\",\"url\":\"https:\\\/\\\/rociozuniga.de\\\/?page_id=2278\",\"name\":\"Impressum -\",\"isPartOf\":{\"@id\":\"https:\\\/\\\/rociozuniga.de\\\/#website\"},\"datePublished\":\"2024-08-02T13:16:04+00:00\",\"dateModified\":\"2024-08-02T13:52:29+00:00\",\"breadcrumb\":{\"@id\":\"https:\\\/\\\/rociozuniga.de\\\/?page_id=2278#breadcrumb\"},\"inLanguage\":\"de\",\"potentialAction\":[{\"@type\":\"ReadAction\",\"target\":[\"https:\\\/\\\/rociozuniga.de\\\/?page_id=2278\"]}]},{\"@type\":\"BreadcrumbList\",\"@id\":\"https:\\\/\\\/rociozuniga.de\\\/?page_id=2278#breadcrumb\",\"itemListElement\":[{\"@type\":\"ListItem\",\"position\":1,\"name\":\"Home\",\"item\":\"https:\\\/\\\/rociozuniga.de\\\/\"},{\"@type\":\"ListItem\",\"position\":2,\"name\":\"Impressum\"}]},{\"@type\":\"WebSite\",\"@id\":\"https:\\\/\\\/rociozuniga.de\\\/#website\",\"url\":\"https:\\\/\\\/rociozuniga.de\\\/\",\"name\":\"Roc\u00edo Z\u00faniga\",\"description\":\"Berlin based photographer\",\"potentialAction\":[{\"@type\":\"SearchAction\",\"target\":{\"@type\":\"EntryPoint\",\"urlTemplate\":\"https:\\\/\\\/rociozuniga.de\\\/?s={search_term_string}\"},\"query-input\":{\"@type\":\"PropertyValueSpecification\",\"valueRequired\":true,\"valueName\":\"search_term_string\"}}],\"inLanguage\":\"de\"}]}<\/script>\n<!-- \/ Yoast SEO plugin. -->","yoast_head_json":{"title":"Impressum -","robots":{"index":"index","follow":"nofollow","max-snippet":"max-snippet:-1","max-image-preview":"max-image-preview:large","max-video-preview":"max-video-preview:-1"},"canonical":"https:\/\/rociozuniga.de\/?page_id=2278","og_locale":"de_DE","og_type":"article","og_title":"Impressum -","og_description":"Roc\u00edo Z\u00fa\u00f1igaFotografin10318 BerlinKontaktTelefon: 017670709139E-Mail: i&#110;&#102;&#x6f;&#x40;&#x72;o&#99;&#105;&#x6f;&#x7a;&#x75;ni&#103;&#x61;&#x2e;&#x64;eEU-StreitschlichtungDie Europ\u00e4ische Kommission stellt eine Plattform zur Online-Streitbeilegung (OS) bereit:https:\/\/ec.europa.eu\/consumers\/odr\/.Unsere E-Mail-Adresse finden Sie oben im Impressum.Verbraucherstreitbeilegung\/UniversalschlichtungsstelleWir sind nicht bereit oder verpflichtet, an Streitbeilegungsverfahren vor einerVerbraucherschlichtungsstelle teilzunehmen.","og_url":"https:\/\/rociozuniga.de\/?page_id=2278","article_modified_time":"2024-08-02T13:52:29+00:00","twitter_card":"summary_large_image","twitter_misc":{"Gesch\u00e4tzte Lesezeit":"1\u00a0Minute"},"schema":{"@context":"https:\/\/schema.org","@graph":[{"@type":"WebPage","@id":"https:\/\/rociozuniga.de\/?page_id=2278","url":"https:\/\/rociozuniga.de\/?page_id=2278","name":"Impressum -","isPartOf":{"@id":"https:\/\/rociozuniga.de\/#website"},"datePublished":"2024-08-02T13:16:04+00:00","dateModified":"2024-08-02T13:52:29+00:00","breadcrumb":{"@id":"https:\/\/rociozuniga.de\/?page_id=2278#breadcrumb"},"inLanguage":"de","potentialAction":[{"@type":"ReadAction","target":["https:\/\/rociozuniga.de\/?page_id=2278"]}]},{"@type":"BreadcrumbList","@id":"https:\/\/rociozuniga.de\/?page_id=2278#breadcrumb","itemListElement":[{"@type":"ListItem","position":1,"name":"Home","item":"https:\/\/rociozuniga.de\/"},{"@type":"ListItem","position":2,"name":"Impressum"}]},{"@type":"WebSite","@id":"https:\/\/rociozuniga.de\/#website","url":"https:\/\/rociozuniga.de\/","name":"Roc\u00edo Z\u00faniga","description":"Berlin based photographer","potentialAction":[{"@type":"SearchAction","target":{"@type":"EntryPoint","urlTemplate":"https:\/\/rociozuniga.de\/?s={search_term_string}"},"query-input":{"@type":"PropertyValueSpecification","valueRequired":true,"valueName":"search_term_string"}}],"inLanguage":"de"}]}},"_links":{"self":[{"href":"https:\/\/rociozuniga.de\/index.php?rest_route=\/wp\/v2\/pages\/2278","targetHints":{"allow":["GET"]}}],"collection":[{"href":"https:\/\/rociozuniga.de\/index.php?rest_route=\/wp\/v2\/pages"}],"about":[{"href":"https:\/\/rociozuniga.de\/index.php?rest_route=\/wp\/v2\/types\/page"}],"author":[{"embeddable":true,"href":"https:\/\/rociozuniga.de\/index.php?rest_route=\/wp\/v2\/users\/1"}],"replies":[{"embeddable":true,"href":"https:\/\/rociozuniga.de\/index.php?rest_route=%2Fwp%2Fv2%2Fcomments&post=2278"}],"version-history":[{"count":0,"href":"https:\/\/rociozuniga.de\/index.php?rest_route=\/wp\/v2\/pages\/2278\/revisions"}],"wp:attachment":[{"href":"https:\/\/rociozuniga.de\/index.php?rest_route=%2Fwp%2Fv2%2Fmedia&parent=2278"}],"curies":[{"name":"wp","href":"https:\/\/api.w.org\/{rel}","templated":true}]}}